{"id":1810,"date":"2025-09-24T12:53:04","date_gmt":"2025-09-24T10:53:04","guid":{"rendered":"https:\/\/friesnfriends.ch\/?page_id=1810"},"modified":"2025-09-30T13:43:41","modified_gmt":"2025-09-30T11:43:41","slug":"tos","status":"publish","type":"page","link":"https:\/\/friesnfriends.ch\/en\/tos\/","title":{"rendered":"TOS"},"content":{"rendered":"\t\t<div data-elementor-type=\"wp-page\" data-elementor-id=\"1810\" class=\"elementor elementor-1810 elementor-1584\" data-elementor-post-type=\"page\">\n\t\t\t\t<div class=\"elementor-element elementor-element-b4ffc4f e-flex e-con-boxed e-con e-parent\" data-id=\"b4ffc4f\" data-element_type=\"container\">\n\t\t\t\t\t<div class=\"e-con-inner\">\n\t\t\t\t<div class=\"elementor-element elementor-element-16d98ef elementor-widget elementor-widget-text-editor\" data-id=\"16d98ef\" data-element_type=\"widget\" data-widget_type=\"text-editor.default\">\n\t\t\t\t\t\t\t\t\t<div><h2 class=\"Default\"><b>AGB Kulturverknallt GmbH <\/b><\/h2><\/div><div><p class=\"Default\">\u00a0<\/p><\/div><div><h4 class=\"Default\"><b>\u00a71 Allgemeines, Geltungsbereich der AGB<\/b><\/h4><\/div><p>1.1 Alle Lieferungen und Leistungen erfolgen ausschlie\u00dflich auf der Grundlage der nachfolgenden Allgemeinen Gesch\u00e4ftsbedingungen (nachfolgend \u201eAGB\u201c) in ihrer zum Zeitpunkt der Bestellung g\u00fcltigen Fassung.<\/p><p>1.2 Vertragspartner ist die Kulturverknallt GmbH (nachfolgend \u201eVerk\u00e4ufer\u201c).<\/p><p>1.3 Kunde im Sinne dieser Gesch\u00e4ftsbedingungen k\u00f6nnen Verbraucher sein (nachfolgend \u201eKunde\u201c). Verbraucher im Sinne der Gesch\u00e4ftsbedingungen sind nat\u00fcrliche oder Juristische Personen<\/p><p>1.4 Mit Ausf\u00fcllen und versenden der Bestellung der entsprechenden Produkte akzeptiert der Kunde die vorliegenden Bedingungen.<\/p><div><p class=\"Default\">\u00a0<\/p><\/div><div><h4 class=\"Default\"><b>\u00a72 Vertragsschluss, Zustandekommen des Vertrages <\/b><\/h4><\/div><div>2.1 Die Angebote und Artikelpr\u00e4sentationen stellen kein bindendes Angebot dar. Erst Ihre Bestellung ist einbindendes Angebot, welches wir annehmen k\u00f6nnen. Nach Versendung der Bestellung \u00fcbermitteln wir Ihnen zun\u00e4chst eine Bestell-Eingangsbest\u00e4tigung per E-Mail. Bei Annahme Ihrer Bestellung durch uns erhalten Sieinnerhalb von 3 Werktagen nach Eingang Ihrer Bestellung eine Auftragsbest\u00e4tigung per E-Mail, mit der der Vertrag zustande kommt.<\/div><div>\u00a0<\/div><div>2.2 Bei einer Bestellung von Kunstwerken kommt der Vertrag erst nach Unterzeichnung des Kaufvertrages zwischen Verk\u00e4ufer und dem K\u00e4ufer zu Stande<\/div><div>\u00a0<\/div><div>2.3 Der K\u00e4ufer kann die \u00dcbergabe des Kaufgegenstandes nur gegen vollst\u00e4ndige Bezahlung des Kaufpreises verlangen.<\/div><div>\u00a0<\/div><div>2.4 Die \u00dcbertragung des Eigentums am verkauften Gegenstand erfolgt unter der aufschiebenden Bedingung der vollst\u00e4ndigen Zahlung des Kaufpreises. Die Galerie ist zum R\u00fccktritt vom Vertrag berechtigt, wenn der K\u00e4ufer mit der Zahlung des Kaufpreises in Verzug kommt. Sofern der Kaufgegenstand dem K\u00e4uferentgegen, der in Ziffer 2.3 vorgesehenen Regelung bereits vor vollst\u00e4ndiger Zahlung des Kaufpreises \u00fcbergeben wird, ist der K\u00e4ufer verpflichtet, den Kaufgegenstand bis zum Eigentums\u00fcbergang sorgf\u00e4ltig und pfleglich zu behandeln und vor Besch\u00e4digungen oder Abhandenkommen zu sch\u00fctzen.<\/div><div><p class=\"Default\">\u00a0<\/p><\/div><div><h4 class=\"Default\"><b>\u00a73 Preis und Versandkosten <\/b><\/h4><\/div><div>Die Preisangaben im Online-Shop sind unverbindlich und k\u00f6nnen von dem Anbieter jederzeit angepasst werden.<\/div><div>Alle Preise verstehen sich einschlie\u00dflich der jeweils g\u00fcltigen gesetzlichen Umsatzsteuer, sonstiger Preisbestandteile und inklusive der Versandkosten sowie der Transportverpackung.<\/div><div>Die Zahlung des Kaufpreises ist unmittelbar mit Vertragsschluss f\u00e4llig.<\/div><div><p class=\"Default\">\u00a0<\/p><\/div><div><h4 class=\"Default\"><b>\u00a74 Zahlungsbedingungen<\/b><\/h4><\/div><div>Die Zahlungsfrist betr\u00e4gt 10 Tage netto, sofern nicht etwas anderes vereinbart. Die Bezahlung s\u00e4mtlicher Bestellungen und Leistungen wird ausschliesslich in Schweizer Franken entgegengenommen. Wir behalten uns vor, bei nicht termingerechter Zahlung der Rechnung eine Mahngeb\u00fchr (1.Mahnung 10CHF, 2.Mahnung 25CHF) zu erheben und weitere Bestellungen\/Lieferungen zur\u00fcckzubehalten, bis alle Rechnungen bezahlt sind. Zus\u00e4tzlich beh\u00e4lt sich die Verk\u00e4uferin das Recht vor, Inkassovorg\u00e4nge und Zahlungsinformationen jeglicher Art an die Firma, die von der Verk\u00e4uferin mit dem Inkasso beauftragt worden ist, weiterzugeben.<\/div><div>\u00a0<\/div><div><h4 class=\"Default\"><b>\u00a75 Gew\u00e4hrleistung <\/b><\/h4><\/div><div>5.1 Der Kunde hat die Ware sofort nach Empfang in angemessenem Umfang zu \u00fcberpr\u00fcfen und offensichtliche M\u00e4ngel unverz\u00fcglich nach ihrer Entdeckung zu r\u00fcgen. Ma\u00dfgeblich f\u00fcr die Wahrung der Frist ist der Zugang der Unterrichtung bei uns.<\/div><div>\u00a0<\/div><div>5.2 Bei fristgem\u00e4\u00dfen und berechtigten Beanstandungen kann der Kunde Nacherf\u00fcllung verlangen. Wir sind berechtigt, nach den gesetzlichen Bestimmungen eine Nacherf\u00fcllung zu verweigern. Die Verweigerung der Nacherf\u00fcllung, ihr Fehlschlagen oder ihre Unzumutbarkeit f\u00fcr den Kunden berechtigen diesen zum R\u00fccktritt oder zur Minderung. Soweit ein R\u00fccktritt gesetzlich nicht ausgeschlossen ist, ist der Kunde zum R\u00fccktritt vom Vertrag oder zur Minderung des Kaufpreises erst nach erfolglosem Ablauf einer von ihm gesetzten angemessenen Frist zur Nacherf\u00fcllung berechtigt, es sei denn, die Fristsetzung ist auf Grund gesetzlicher Vorschriften entbehrlich. Im Falle des R\u00fccktritts haftet der Kunde f\u00fcr Verschlechterung, Untergang und nichtgezogenen Nutzungen nicht nur im Rahmen der eigen\u00fcblichen Sorgfalt, sondern f\u00fcr jedes fahrl\u00e4ssige und vors\u00e4tzliche Verschulden.<\/div><div>\u00a0<\/div><div>5.3 Sind wir nicht Hersteller der gelieferten Waren, k\u00f6nnen M\u00e4ngelanspr\u00fcche uns gegen\u00fcber nur in dem Umfang erhoben werden, in welchem wir R\u00fccktrittsanspr\u00fcche gegen\u00fcber dem Vorlieferanten geltend machen k\u00f6nnen.<\/div><div>\u00a0<\/div><div>5.4 Wir \u00fcbernehmen f\u00fcr \u00f6ffentliche \u00c4u\u00dferungen und Werbeaussagen in Bezug auf unsere Produkte, die nicht unmittelbar durch uns initiiert wurden, keine Verantwortung.<\/div><div>\u00a0<\/div><div><h4 class=\"Default\"><b>\u00a76 Haftung, Schadensersatz <\/b><\/h4><\/div><div>Anspr\u00fcche des Kunden auf Schadensersatz sind ausgeschlossen. Hiervon ausgenommen sind Schadensersatzanspr\u00fcche des Kunden aus der Verletzung des Lebens, des K\u00f6rpers, der Gesundheit oder aus der Verletzung wesentlicher Vertragspflichten (Kardinalspflichten) sowie die Haftung f\u00fcr sonstige Sch\u00e4den, die auf einer vors\u00e4tzlichen oder grob fahrl\u00e4ssigen Pflichtverletzung von Kulturverknallt GmbH, seiner gesetzlichen Vertreter oder Erf\u00fcllungsgehilfen beruhen. Wesentliche Vertragspflichten sind solche, deren Erf\u00fcllung zur Erreichung des Vertragsziels notwendig ist.<\/div><div>\u00a0<\/div><div><h4 class=\"Default\"><b>\u00a77 Stronokosten<\/b><\/h4><\/div><div><p class=\"Default\">Bestellungen verpflichten den Kunden zur Abnahme von Produkten und Leistungen. Nachtr\u00e4gliche Stornierungen der Kunden, kann die Verk\u00e4uferin nach freiem Ermessen akzeptieren und Nachfolgende Umtriebsentsch\u00e4diegungen in Rechnung stellen. Die Stornierung bedarf der Schriftform. Bei Stornierungen kann die Verk\u00e4uferin folgende Kosten verrechnen:<\/p><\/div><div><p class=\"Default\">\u2022 Stornierung einer best\u00e4tigten Lieferung\/ Dienstleistung von 14 Tagen bis zu 10 Tage vor der zu erbringenden Lieferung\/ Dienstleistung: 40% der Kosten k\u00f6nnen verrechnet werden<\/p><\/div><div><p class=\"Default\">\u2022 Stornierung einer best\u00e4tigten Lieferung\/ Dienstleistung ab 10 Tagen bis 3 Tage vor der zu erbringenden Lieferung\/Dienstleistung: 70% der Kosten k\u00f6nnen verrechnet werden<br \/>\u2022 Stornierung einer best\u00e4tigten Lieferung\/ Dienstleistung ab 3 Tage vor der zu erbringenden Lieferung\/Dienstleistung: 100% der Kosten k\u00f6nnen verrechnet werden<\/p><\/div><div><p class=\"Default\">\u00a0<\/p><\/div><div><h4 class=\"Default\"><b>\u00a78 Schlussrecht<\/b><\/h4><\/div><div><p class=\"Default\">Gerichtsstand und Anwendbares Recht ist der Sitz der Verk\u00e4uferin. Das WIENER Kaufrecht ist nichtanwendbar. Ausschlie\u00dflicher Gerichtstand ist das sitz der Verk\u00e4uferin. Mit Bestellung von Ware durch den Besteller gelten diese allgemeinen Gesch\u00e4ftsbedingungen als akzeptiert. \u00c4nderungen oder Erg\u00e4nzungen der allgemeinen Gesch\u00e4ftsbedingungen erfolgen ausschlie\u00dflich durch den Anbieter und m\u00fcssen schriftlich erfolgen.<\/p><\/div><div><p class=\"Default\">\u00a0<\/p><\/div><div><h4 class=\"Default\"><b>\u00a79 Kundenservice<\/b><\/h4><\/div><div><p class=\"Default\">Bei Fragen, Beschwerden oder Reklamationen nehmen Sie bitte Kontakt zu uns auf. Sie erreichen uns Montag \u2013 Freitag zwischen 14:00 Uhr und 18:00 Uhr unter der Telefonnummer +41768404119 oder per E-Mail an <a href=\"mailto:info@friesnfriends.ch\">info@friesnfriends.ch<\/a>.<\/p><\/div><div><p class=\"Default\">\u00a0<\/p><\/div><div><h4 class=\"Default\"><b>\u00a710 Sonstiges<\/b><\/h4><\/div><div><p class=\"Default\">10.1 Die Vertragssprache ist Deutsch.<\/p><\/div><div><p class=\"Default\">10.2 Sind eine oder mehrere Regelungen dieser AGB unwirksam, so bleibt der Vertrag im \u00dcbrigen wirksam. Soweit die Bestimmungen unwirksam sind, richtet sich der Inhalt des Vertrages nach den gesetzlichen Vorschriften.<\/p><\/div><div><p class=\"Default\">\u00a0<\/p><\/div>\t\t\t\t\t\t\t\t<\/div>\n\t\t\t\t\t<\/div>\n\t\t\t\t<\/div>\n\t\t\t\t<\/div>\n\t\t","protected":false},"excerpt":{"rendered":"<p>AGB Kulturverknallt GmbH &nbsp; \u00a71 Allgemeines, Geltungsbereich der AGB 1.1 Alle Lieferungen und Leistungen erfolgen ausschlie\u00dflich auf der Grundlage der nachfolgenden Allgemeinen Gesch\u00e4ftsbedingungen (nachfolgend \u201eAGB\u201c) in ihrer zum Zeitpunkt der Bestellung g\u00fcltigen Fassung. 1.2 Vertragspartner ist die Kulturverknallt GmbH (nachfolgend \u201eVerk\u00e4ufer\u201c). 1.3 Kunde im Sinne dieser Gesch\u00e4ftsbedingungen k\u00f6nnen Verbraucher sein (nachfolgend \u201eKunde\u201c). Verbraucher im Sinne [&hellip;]<\/p>\n","protected":false},"author":1,"featured_media":0,"parent":0,"menu_order":0,"comment_status":"closed","ping_status":"closed","template":"","meta":{"footnotes":""},"class_list":["post-1810","page","type-page","status-publish","hentry"],"_links":{"self":[{"href":"https:\/\/friesnfriends.ch\/en\/wp-json\/wp\/v2\/pages\/1810","targetHints":{"allow":["GET"]}}],"collection":[{"href":"https:\/\/friesnfriends.ch\/en\/wp-json\/wp\/v2\/pages"}],"about":[{"href":"https:\/\/friesnfriends.ch\/en\/wp-json\/wp\/v2\/types\/page"}],"author":[{"embeddable":true,"href":"https:\/\/friesnfriends.ch\/en\/wp-json\/wp\/v2\/users\/1"}],"replies":[{"embeddable":true,"href":"https:\/\/friesnfriends.ch\/en\/wp-json\/wp\/v2\/comments?post=1810"}],"version-history":[{"count":2,"href":"https:\/\/friesnfriends.ch\/en\/wp-json\/wp\/v2\/pages\/1810\/revisions"}],"predecessor-version":[{"id":1812,"href":"https:\/\/friesnfriends.ch\/en\/wp-json\/wp\/v2\/pages\/1810\/revisions\/1812"}],"wp:attachment":[{"href":"https:\/\/friesnfriends.ch\/en\/wp-json\/wp\/v2\/media?parent=1810"}],"curies":[{"name":"wp","href":"https:\/\/api.w.org\/{rel}","templated":true}]}}